{"id":43,"date":"2025-07-04T12:11:56","date_gmt":"2025-07-04T10:11:56","guid":{"rendered":"https:\/\/bs-electro.myskydoowebsite.com\/?page_id=43"},"modified":"2026-02-09T11:16:26","modified_gmt":"2026-02-09T10:16:26","slug":"gegevens-netwerken","status":"publish","type":"page","link":"https:\/\/bs-electro.be\/nl\/data-netwerken\/","title":{"rendered":"Gegevens &amp; netwerken"},"content":{"rendered":"\t\t<div data-elementor-type=\"wp-page\" data-elementor-id=\"43\" class=\"elementor elementor-43\" data-elementor-post-type=\"page\">\n\t\t\t\t<div data-particle_enable=\"false\" data-particle-mobile-disabled=\"false\" class=\"elementor-element elementor-element-17d0890 e-flex e-con-boxed e-con e-parent\" data-id=\"17d0890\" data-element_type=\"container\" data-e-type=\"container\" data-settings=\"{&quot;background_background&quot;:&quot;classic&quot;}\">\n\t\t\t\t\t<div class=\"e-con-inner\">\n\t\t\t\t<div class=\"elementor-element elementor-element-e744785 elementor-invisible elementor-widget elementor-widget-heading\" data-id=\"e744785\" data-element_type=\"widget\" data-e-type=\"widget\" data-settings=\"{&quot;_animation&quot;:&quot;fadeIn&quot;}\" data-widget_type=\"heading.default\">\n\t\t\t\t<div class=\"elementor-widget-container\">\n\t\t\t\t\t<h1 class=\"elementor-heading-title elementor-size-default\">C\u00e2blage de donn\u00e9es et de r\u00e9seaux<\/h1>\t\t\t\t<\/div>\n\t\t\t\t<\/div>\n\t\t\t\t<div class=\"elementor-element elementor-element-1aa829d elementor-widget elementor-widget-text-editor\" data-id=\"1aa829d\" data-element_type=\"widget\" data-e-type=\"widget\" data-widget_type=\"text-editor.default\">\n\t\t\t\t<div class=\"elementor-widget-container\">\n\t\t\t\t\t\t\t\t\tUne connexion rapide, stable et s\u00e9curis\u00e9e pour votre entreprise, du routeur jusqu\u2019au dernier point du r\u00e9seau.\t\t\t\t\t\t\t\t<\/div>\n\t\t\t\t<\/div>\n\t\t\t\t<div class=\"elementor-element elementor-element-155abdd elementor-view-default elementor-widget elementor-widget-icon\" data-id=\"155abdd\" data-element_type=\"widget\" data-e-type=\"widget\" data-widget_type=\"icon.default\">\n\t\t\t\t<div class=\"elementor-widget-container\">\n\t\t\t\t\t\t\t<div class=\"elementor-icon-wrapper\">\n\t\t\t<a class=\"elementor-icon\" href=\"#scroll\">\n\t\t\t<i aria-hidden=\"true\" class=\"fas fa-chevron-down\"><\/i>\t\t\t<\/a>\n\t\t<\/div>\n\t\t\t\t\t\t<\/div>\n\t\t\t\t<\/div>\n\t\t\t\t\t<\/div>\n\t\t\t\t<\/div>\n\t\t<div data-particle_enable=\"false\" data-particle-mobile-disabled=\"false\" class=\"elementor-element elementor-element-1b21527 e-flex e-con-boxed e-con e-parent\" data-id=\"1b21527\" data-element_type=\"container\" data-e-type=\"container\" id=\"scroll\">\n\t\t\t\t\t<div class=\"e-con-inner\">\n\t\t\t\t\t<\/div>\n\t\t\t\t<\/div>\n\t\t<div data-particle_enable=\"false\" data-particle-mobile-disabled=\"false\" class=\"elementor-element elementor-element-c7b4009 e-flex e-con-boxed e-con e-parent\" data-id=\"c7b4009\" data-element_type=\"container\" data-e-type=\"container\">\n\t\t\t\t\t<div class=\"e-con-inner\">\n\t\t\t\t<div class=\"elementor-element elementor-element-1575885 elementor-invisible elementor-widget elementor-widget-heading\" data-id=\"1575885\" data-element_type=\"widget\" data-e-type=\"widget\" data-settings=\"{&quot;_animation_tablet&quot;:&quot;fadeIn&quot;,&quot;_animation&quot;:&quot;fadeIn&quot;}\" data-widget_type=\"heading.default\">\n\t\t\t\t<div class=\"elementor-widget-container\">\n\t\t\t\t\t<h2 class=\"elementor-heading-title elementor-size-default\">C\u00e2blage r\u00e9seau pour une connexion internet et t\u00e9l\u00e9phonique rapide<\/h2>\t\t\t\t<\/div>\n\t\t\t\t<\/div>\n\t\t\t\t<div class=\"elementor-element elementor-element-e9ef244 elementor-widget elementor-widget-text-editor\" data-id=\"e9ef244\" data-element_type=\"widget\" data-e-type=\"widget\" data-widget_type=\"text-editor.default\">\n\t\t\t\t<div class=\"elementor-widget-container\">\n\t\t\t\t\t\t\t\t\t<strong style=\"color:#f47a00;\">BS Electro<\/strong> prend en charge l\u2019installation compl\u00e8te des \n<strong style=\"color:#f47a00;\">r\u00e9seaux de donn\u00e9es et de t\u00e9l\u00e9phonie<\/strong> et garantit une \n<strong style=\"color:#f47a00;\">connexion stable, rapide et fiable<\/strong> pour votre entreprise. \nDu <strong style=\"color:#f47a00;\">c\u00e2blage principal<\/strong> jusqu\u2019\u00e0 chaque \n<strong style=\"color:#f47a00;\">point de donn\u00e9es<\/strong>, nous accompagnons chaque projet avec la pr\u00e9cision requise.<br><br>\n\nNous proposons des solutions compl\u00e8tes en \n<strong style=\"color:#f47a00;\">fibre optique<\/strong>, incluant la pose de gaines, le soufflage et le raccordement de la fibre, ainsi que le \n<strong style=\"color:#f47a00;\">test et la mesure des connexions<\/strong>.<br><br>\n\nNous assurons \u00e9galement la mise en place du \n<strong style=\"color:#f47a00;\">r\u00e9seau interne<\/strong>, du \n<strong style=\"color:#f47a00;\">panneau de brassage<\/strong> et des \n<strong style=\"color:#f47a00;\">racks<\/strong> jusqu\u2019aux \n<strong style=\"color:#f47a00;\">prises de donn\u00e9es<\/strong> sur les postes de travail.<br><br>\n\nChaque installation est test\u00e9e conform\u00e9ment aux \n<strong style=\"color:#f47a00;\">normes ISO<\/strong> en vigueur et livr\u00e9e avec des \n<strong style=\"color:#f47a00;\">rapports de mesure et certificats<\/strong>, vous garantissant une \n<strong style=\"color:#f47a00;\">infrastructure r\u00e9seau fiable et p\u00e9renne<\/strong>.\n\t\t\t\t\t\t\t\t<\/div>\n\t\t\t\t<\/div>\n\t\t\t\t\t<\/div>\n\t\t\t\t<\/div>\n\t\t<div data-particle_enable=\"false\" data-particle-mobile-disabled=\"false\" class=\"elementor-element elementor-element-1d6ef61 e-con-full elementor-hidden-mobile e-flex e-con e-parent\" data-id=\"1d6ef61\" data-element_type=\"container\" data-e-type=\"container\" data-settings=\"{&quot;background_background&quot;:&quot;classic&quot;}\">\n\t\t<div data-particle_enable=\"false\" data-particle-mobile-disabled=\"false\" class=\"elementor-element elementor-element-6672f67 e-con-full e-flex e-con e-child\" data-id=\"6672f67\" data-element_type=\"container\" data-e-type=\"container\" data-settings=\"{&quot;background_background&quot;:&quot;slideshow&quot;,&quot;animation&quot;:&quot;none&quot;,&quot;background_slideshow_gallery&quot;:[{&quot;id&quot;:2132,&quot;url&quot;:&quot;https:\\\/\\\/bs-electro.be\\\/wp-content\\\/uploads\\\/IMG20240527150334-1-scaled.jpg&quot;},{&quot;id&quot;:2268,&quot;url&quot;:&quot;https:\\\/\\\/bs-electro.be\\\/wp-content\\\/uploads\\\/FiberDucts.jpg&quot;},{&quot;id&quot;:2269,&quot;url&quot;:&quot;https:\\\/\\\/bs-electro.be\\\/wp-content\\\/uploads\\\/glasvezel-inblaasmachine-optijet.png&quot;},{&quot;id&quot;:2270,&quot;url&quot;:&quot;https:\\\/\\\/bs-electro.be\\\/wp-content\\\/uploads\\\/IMG_3440-1.heic&quot;},{&quot;id&quot;:2271,&quot;url&quot;:&quot;https:\\\/\\\/bs-electro.be\\\/wp-content\\\/uploads\\\/IMG_3536-1.heic&quot;}],&quot;background_slideshow_loop&quot;:&quot;yes&quot;,&quot;background_slideshow_slide_duration&quot;:5000,&quot;background_slideshow_slide_transition&quot;:&quot;fade&quot;,&quot;background_slideshow_transition_duration&quot;:500}\">\n\t\t\t\t<\/div>\n\t\t\t\t<\/div>\n\t\t<div data-particle_enable=\"false\" data-particle-mobile-disabled=\"false\" class=\"elementor-element elementor-element-4dd0154 e-con-full elementor-hidden-desktop elementor-hidden-tablet e-flex e-con e-parent\" data-id=\"4dd0154\" data-element_type=\"container\" data-e-type=\"container\" data-settings=\"{&quot;background_background&quot;:&quot;classic&quot;}\">\n\t\t<div data-particle_enable=\"false\" data-particle-mobile-disabled=\"false\" class=\"elementor-element elementor-element-f3345f4 e-con-full e-flex e-con e-child\" data-id=\"f3345f4\" data-element_type=\"container\" data-e-type=\"container\" data-settings=\"{&quot;background_background&quot;:&quot;classic&quot;}\">\n\t\t\t\t<\/div>\n\t\t\t\t<\/div>\n\t\t<div data-particle_enable=\"false\" data-particle-mobile-disabled=\"false\" class=\"elementor-element elementor-element-f10f9a1 e-con-full e-flex e-con e-parent\" data-id=\"f10f9a1\" data-element_type=\"container\" data-e-type=\"container\" data-settings=\"{&quot;background_background&quot;:&quot;classic&quot;}\">\n\t\t<div data-particle_enable=\"false\" data-particle-mobile-disabled=\"false\" class=\"elementor-element elementor-element-8dc4801 e-flex e-con-boxed elementor-invisible e-con e-child\" data-id=\"8dc4801\" data-element_type=\"container\" data-e-type=\"container\" data-settings=\"{&quot;animation&quot;:&quot;fadeInLeft&quot;}\">\n\t\t\t\t\t<div class=\"e-con-inner\">\n\t\t\t\t<div class=\"elementor-element elementor-element-932f47e elementor-widget elementor-widget-heading\" data-id=\"932f47e\" data-element_type=\"widget\" data-e-type=\"widget\" data-widget_type=\"heading.default\">\n\t\t\t\t<div class=\"elementor-widget-container\">\n\t\t\t\t\t<h2 class=\"elementor-heading-title elementor-size-default\">Un r\u00e9seau adapt\u00e9 \u00e0 votre entreprise<\/h2>\t\t\t\t<\/div>\n\t\t\t\t<\/div>\n\t\t\t\t<div class=\"elementor-element elementor-element-826f7ad elementor-widget elementor-widget-text-editor\" data-id=\"826f7ad\" data-element_type=\"widget\" data-e-type=\"widget\" data-widget_type=\"text-editor.default\">\n\t\t\t\t<div class=\"elementor-widget-container\">\n\t\t\t\t\t\t\t\t\t<p>Nos solutions r\u00e9seau sont toujours con\u00e7ues sur mesure : elles tiennent compte de la structure de votre b\u00e2timent, du mobilier et de vos besoins sp\u00e9cifiques.<br data-start=\"369\" data-end=\"372\" \/>De la planification \u00e0 la mise en \u0153uvre, nous veillons \u00e0 une int\u00e9gration fluide et performante, pour un <strong data-start=\"475\" data-end=\"514\">r\u00e9seau rapide, s\u00e9curis\u00e9 et \u00e9volutif<\/strong>.<\/p>\t\t\t\t\t\t\t\t<\/div>\n\t\t\t\t<\/div>\n\t\t\t\t\t<\/div>\n\t\t\t\t<\/div>\n\t\t<div data-particle_enable=\"false\" data-particle-mobile-disabled=\"false\" class=\"elementor-element elementor-element-0cd386b e-flex e-con-boxed elementor-invisible e-con e-child\" data-id=\"0cd386b\" data-element_type=\"container\" data-e-type=\"container\" data-settings=\"{&quot;animation&quot;:&quot;fadeInRight&quot;}\">\n\t\t\t\t\t<div class=\"e-con-inner\">\n\t\t\t\t<div class=\"elementor-element elementor-element-70cb80d elementor-widget elementor-widget-heading\" data-id=\"70cb80d\" data-element_type=\"widget\" data-e-type=\"widget\" data-widget_type=\"heading.default\">\n\t\t\t\t<div class=\"elementor-widget-container\">\n\t\t\t\t\t<h2 class=\"elementor-heading-title elementor-size-default\">Certifi\u00e9s pour installer votre c\u00e2blage r\u00e9seau<\/h2>\t\t\t\t<\/div>\n\t\t\t\t<\/div>\n\t\t\t\t<div class=\"elementor-element elementor-element-581ae04 elementor-widget elementor-widget-text-editor\" data-id=\"581ae04\" data-element_type=\"widget\" data-e-type=\"widget\" data-widget_type=\"text-editor.default\">\n\t\t\t\t<div class=\"elementor-widget-container\">\n\t\t\t\t\t\t\t\t\t<p data-start=\"577\" data-end=\"858\">Gr\u00e2ce \u00e0 nos certifications et notre expertise, vous \u00eates assur\u00e9 de b\u00e9n\u00e9ficier d\u2019une <strong data-start=\"661\" data-end=\"693\">installation professionnelle<\/strong> conforme aux normes ISO.<br data-start=\"718\" data-end=\"721\" \/>Nous utilisons uniquement des mat\u00e9riaux test\u00e9s et fiables, et fournissons un <strong data-start=\"798\" data-end=\"834\">rapport de test et un certificat<\/strong> pour chaque c\u00e2ble pos\u00e9.<\/p>\t\t\t\t\t\t\t\t<\/div>\n\t\t\t\t<\/div>\n\t\t\t\t\t<\/div>\n\t\t\t\t<\/div>\n\t\t\t\t<\/div>\n\t\t<div data-particle_enable=\"false\" data-particle-mobile-disabled=\"false\" class=\"elementor-element elementor-element-6e06c1a e-flex e-con-boxed e-con e-parent\" data-id=\"6e06c1a\" data-element_type=\"container\" data-e-type=\"container\" data-settings=\"{&quot;background_background&quot;:&quot;classic&quot;}\">\n\t\t\t\t\t<div class=\"e-con-inner\">\n\t\t\t\t<div class=\"elementor-element elementor-element-3a62e5f elementor-widget elementor-widget-heading\" data-id=\"3a62e5f\" data-element_type=\"widget\" data-e-type=\"widget\" data-widget_type=\"heading.default\">\n\t\t\t\t<div class=\"elementor-widget-container\">\n\t\t\t\t\t<h2 class=\"elementor-heading-title elementor-size-default\">Besoin d\u2019installer un c\u00e2blage de donn\u00e9es ou de r\u00e9seau\u202f?<\/h2>\t\t\t\t<\/div>\n\t\t\t\t<\/div>\n\t\t\t\t<div class=\"elementor-element elementor-element-b66449c elementor-widget elementor-widget-text-editor\" data-id=\"b66449c\" data-element_type=\"widget\" data-e-type=\"widget\" data-widget_type=\"text-editor.default\">\n\t\t\t\t<div class=\"elementor-widget-container\">\n\t\t\t\t\t\t\t\t\t<p data-start=\"933\" data-end=\"1027\">Profitez d\u2019un devis gratuit et d\u2019un accompagnement personnalis\u00e9 par nos techniciens certifi\u00e9s.<\/p>\t\t\t\t\t\t\t\t<\/div>\n\t\t\t\t<\/div>\n\t\t\t\t<div class=\"elementor-element elementor-element-4a87778 elementor-invisible elementor-widget elementor-widget-button\" data-id=\"4a87778\" data-element_type=\"widget\" data-e-type=\"widget\" data-settings=\"{&quot;_animation&quot;:&quot;zoomIn&quot;}\" data-widget_type=\"button.default\">\n\t\t\t\t<div class=\"elementor-widget-container\">\n\t\t\t\t\t\t\t\t\t<div class=\"elementor-button-wrapper\">\n\t\t\t\t\t<a class=\"elementor-button elementor-button-link elementor-size-sm elementor-animation-grow\" href=\"https:\/\/bs-electro.be\/nl\/contact\/\">\n\t\t\t\t\t\t<span class=\"elementor-button-content-wrapper\">\n\t\t\t\t\t\t\t\t\t<span class=\"elementor-button-text\">Je veux une offre<\/span>\n\t\t\t\t\t<\/span>\n\t\t\t\t\t<\/a>\n\t\t\t\t<\/div>\n\t\t\t\t\t\t\t\t<\/div>\n\t\t\t\t<\/div>\n\t\t\t\t\t<\/div>\n\t\t\t\t<\/div>\n\t\t\t\t<\/div>\n\t\t","protected":false},"excerpt":{"rendered":"<p>C\u00e2blage de donn\u00e9es et de r\u00e9seaux Une connexion rapide, stable et s\u00e9curis\u00e9e pour votre entreprise, du routeur jusqu\u2019au dernier point du r\u00e9seau. C\u00e2blage r\u00e9seau pour une connexion internet et t\u00e9l\u00e9phonique rapide BS Electro prend en charge l\u2019installation compl\u00e8te des r\u00e9seaux de donn\u00e9es et de t\u00e9l\u00e9phonie et garantit une connexion stable, rapide et fiable pour votre [&hellip;]<\/p>\n","protected":false},"author":1,"featured_media":2115,"parent":0,"menu_order":0,"comment_status":"closed","ping_status":"closed","template":"","meta":{"footnotes":""},"class_list":["post-43","page","type-page","status-publish","has-post-thumbnail","hentry"],"_links":{"self":[{"href":"https:\/\/bs-electro.be\/nl\/wp-json\/wp\/v2\/pages\/43","targetHints":{"allow":["GET"]}}],"collection":[{"href":"https:\/\/bs-electro.be\/nl\/wp-json\/wp\/v2\/pages"}],"about":[{"href":"https:\/\/bs-electro.be\/nl\/wp-json\/wp\/v2\/types\/page"}],"author":[{"embeddable":true,"href":"https:\/\/bs-electro.be\/nl\/wp-json\/wp\/v2\/users\/1"}],"replies":[{"embeddable":true,"href":"https:\/\/bs-electro.be\/nl\/wp-json\/wp\/v2\/comments?post=43"}],"version-history":[{"count":166,"href":"https:\/\/bs-electro.be\/nl\/wp-json\/wp\/v2\/pages\/43\/revisions"}],"predecessor-version":[{"id":2274,"href":"https:\/\/bs-electro.be\/nl\/wp-json\/wp\/v2\/pages\/43\/revisions\/2274"}],"wp:featuredmedia":[{"embeddable":true,"href":"https:\/\/bs-electro.be\/nl\/wp-json\/wp\/v2\/media\/2115"}],"wp:attachment":[{"href":"https:\/\/bs-electro.be\/nl\/wp-json\/wp\/v2\/media?parent=43"}],"curies":[{"name":"wp","href":"https:\/\/api.w.org\/{rel}","templated":true}]}}